{"id":1350,"date":"2019-04-23T18:56:56","date_gmt":"2019-04-23T18:56:56","guid":{"rendered":"http:\/\/maroteira.com\/pt\/?page_id=1350"},"modified":"2023-02-02T13:50:10","modified_gmt":"2023-02-02T13:50:10","slug":"ficha-de-projeto","status":"publish","type":"page","link":"https:\/\/maroteira.com\/pt\/ficha-de-projeto\/","title":{"rendered":"Ficha de projeto"},"content":{"rendered":"<div class=\"wpb-content-wrapper\"><p>[vc_row css_animation=&#8221;&#8221; row_type=&#8221;row&#8221; use_row_as_full_screen_section=&#8221;no&#8221; type=&#8221;full_width&#8221; angled_section=&#8221;no&#8221; text_align=&#8221;left&#8221; background_image_as_pattern=&#8221;without_pattern&#8221;][vc_column][vc_column_text el_class=&#8221;fichaProjeto&#8221;]<img loading=\"lazy\" decoding=\"async\" class=\"aligncenter wp-image-758 size-large\" src=\"https:\/\/maroteira.com\/pt\/wp-content\/uploads\/2018\/12\/grupodelogosfinanciamento-06-1024x163.png\" alt=\"\" width=\"1024\" height=\"163\" srcset=\"https:\/\/maroteira.com\/pt\/wp-content\/uploads\/2018\/12\/grupodelogosfinanciamento-06-1024x163.png 1024w, https:\/\/maroteira.com\/pt\/wp-content\/uploads\/2018\/12\/grupodelogosfinanciamento-06-300x48.png 300w, https:\/\/maroteira.com\/pt\/wp-content\/uploads\/2018\/12\/grupodelogosfinanciamento-06-768x122.png 768w, https:\/\/maroteira.com\/pt\/wp-content\/uploads\/2018\/12\/grupodelogosfinanciamento-06-700x111.png 700w, https:\/\/maroteira.com\/pt\/wp-content\/uploads\/2018\/12\/grupodelogosfinanciamento-06.png 1200w\" sizes=\"(max-width: 1024px) 100vw, 1024px\" \/><\/p>\n<p>&nbsp;<\/p>\n<p>Designa\u00e7\u00e3o do projeto | Internacionaliza\u00e7\u00e3o Maroteira Vinhos, Lda.<\/p>\n<p>C\u00f3digo do projeto | ALT20-01-0752-FEDER-027781<\/p>\n<p>Objetivo principal | Refor\u00e7ar a competitividade das PME<\/p>\n<p>Regi\u00e3o de interven\u00e7\u00e3o | Alentejo<\/p>\n<p>Entidade benefici\u00e1ria | Maroteira Vinhos, Lda.[\/vc_column_text][vc_column_text el_class=&#8221;fichaProjeto&#8221;]Data da aprova\u00e7\u00e3o | 02-03-2018<\/p>\n<p>Data de in\u00edcio | 01-07-2017<\/p>\n<p>Data de conclus\u00e3o | 31-12-2019<\/p>\n<p>Custo total eleg\u00edvel | 179750,38 \u20ac<\/p>\n<p>Apoio financeiro da Uni\u00e3o Europeia | 80887,67 \u20ac<\/p>\n<p>Apoio financeiro p\u00fablico nacional\/regional | 0 \u20ac[\/vc_column_text][vc_empty_space height=&#8221;25px&#8221;][vc_column_text el_class=&#8221;fichaProjeto&#8221;]Objetivos, atividades e resultados esperados e atingidos<\/p>\n<div class=\"page\" title=\"Page 1\">\n<div class=\"section\">\n<div class=\"layoutArea\">\n<div class=\"column\">\n<p>Refor\u00e7o da presen\u00e7a do Promotor num abrangente conjunto de mercados externos, bem como proceder ao lan\u00e7amento de uma nova marca de vinhos (biol\u00f3gicos). Em termos de atividades, o projeto contemplou, entre outros: participa\u00e7\u00e3o nos principais concursos internacionais; contrata\u00e7\u00e3o de pessoal; capta\u00e7\u00e3o de novos clientes atrav\u00e9s da prospe\u00e7\u00e3o e da realiza\u00e7\u00e3o de a\u00e7\u00f5es inversas; servi\u00e7os de marketing internacional; certifica\u00e7\u00e3o para modo de produ\u00e7\u00e3o biol\u00f3gica. O promotor esperava com estas a\u00e7\u00f5es e outras complementares de marketing, aumentar as suas exporta\u00e7\u00f5es, tanto em volume, como em termos de representatividade no seu volume de neg\u00f3cios, o que foi atingido. Os pa\u00edses alvo foram: EUA; Canad\u00e1; Jap\u00e3o; Rep\u00fablica Checa; Cro\u00e1cia; Pol\u00f3nia; Luxemburgo; Sui\u00e7a; B\u00e9lgica; Alemanha; Reino Unido; Fran\u00e7a.<\/p>\n<\/div>\n<\/div>\n<\/div>\n<\/div>\n<p>[\/vc_column_text][vc_empty_space][vc_single_image image=&#8221;1770&#8243; img_size=&#8221;400&#215;370&#8243; qode_css_animation=&#8221;&#8221;][\/vc_column][\/vc_row][vc_row css_animation=&#8221;&#8221; row_type=&#8221;row&#8221; use_row_as_full_screen_section=&#8221;no&#8221; type=&#8221;full_width&#8221; angled_section=&#8221;no&#8221; text_align=&#8221;left&#8221; background_image_as_pattern=&#8221;without_pattern&#8221;][vc_column][vc_empty_space height=&#8221;70px&#8221;]<div class=\"qode-advanced-image-gallery  qode-aig-grid-type qode-medium-space   \">\n\t<div class=\"qode-aig-inner qode-outer-space qode-aig-grid qode-aig-three-columns\">\n\t\t\t\t\t<div class=\"qode-aig-image qode-item-space\">\n\t\t\t\t<div class=\"qode-aig-image-inner\">\n\t\t\t\t\t\t\t\t\t\t\t<img loading=\"lazy\" decoding=\"async\" width=\"1024\" height=\"768\" src=\"https:\/\/maroteira.com\/pt\/wp-content\/uploads\/2023\/02\/maroteira-distribuicao-3.jpg\" class=\"attachment-large size-large\" alt=\"maroteira distribuicao 3\" srcset=\"https:\/\/maroteira.com\/pt\/wp-content\/uploads\/2023\/02\/maroteira-distribuicao-3.jpg 1024w, https:\/\/maroteira.com\/pt\/wp-content\/uploads\/2023\/02\/maroteira-distribuicao-3-300x225.jpg 300w, https:\/\/maroteira.com\/pt\/wp-content\/uploads\/2023\/02\/maroteira-distribuicao-3-768x576.jpg 768w, https:\/\/maroteira.com\/pt\/wp-content\/uploads\/2023\/02\/maroteira-distribuicao-3-800x600.jpg 800w, https:\/\/maroteira.com\/pt\/wp-content\/uploads\/2023\/02\/maroteira-distribuicao-3-700x525.jpg 700w\" sizes=\"(max-width: 1024px) 100vw, 1024px\" \/>\t\t\t\t\t\t<span class=\"aig-gallery-hover\">\n\t\t\t\t\t\t\t\t\t\t\t\t\t<\/span>\n\t\t\t\t\t\t\t\t\t<\/div>\n\t\t\t<\/div>\n\t\t\t\t\t<div class=\"qode-aig-image qode-item-space\">\n\t\t\t\t<div class=\"qode-aig-image-inner\">\n\t\t\t\t\t\t\t\t\t\t\t<img loading=\"lazy\" decoding=\"async\" width=\"768\" height=\"1024\" src=\"https:\/\/maroteira.com\/pt\/wp-content\/uploads\/2023\/02\/maroteira-distribuicao-1.jpg\" class=\"attachment-large size-large\" alt=\"maroteira distribuicao 1\" srcset=\"https:\/\/maroteira.com\/pt\/wp-content\/uploads\/2023\/02\/maroteira-distribuicao-1.jpg 768w, https:\/\/maroteira.com\/pt\/wp-content\/uploads\/2023\/02\/maroteira-distribuicao-1-225x300.jpg 225w, https:\/\/maroteira.com\/pt\/wp-content\/uploads\/2023\/02\/maroteira-distribuicao-1-600x800.jpg 600w, https:\/\/maroteira.com\/pt\/wp-content\/uploads\/2023\/02\/maroteira-distribuicao-1-700x933.jpg 700w\" sizes=\"(max-width: 768px) 100vw, 768px\" \/>\t\t\t\t\t\t<span class=\"aig-gallery-hover\">\n\t\t\t\t\t\t\t\t\t\t\t\t\t<\/span>\n\t\t\t\t\t\t\t\t\t<\/div>\n\t\t\t<\/div>\n\t\t\t\t\t<div class=\"qode-aig-image qode-item-space\">\n\t\t\t\t<div class=\"qode-aig-image-inner\">\n\t\t\t\t\t\t\t\t\t\t\t<img loading=\"lazy\" decoding=\"async\" width=\"1024\" height=\"768\" src=\"https:\/\/maroteira.com\/pt\/wp-content\/uploads\/2023\/02\/maroteira-distribuicao-2.jpg\" class=\"attachment-large size-large\" alt=\"maroteira distribuicao 2\" srcset=\"https:\/\/maroteira.com\/pt\/wp-content\/uploads\/2023\/02\/maroteira-distribuicao-2.jpg 1024w, https:\/\/maroteira.com\/pt\/wp-content\/uploads\/2023\/02\/maroteira-distribuicao-2-300x225.jpg 300w, https:\/\/maroteira.com\/pt\/wp-content\/uploads\/2023\/02\/maroteira-distribuicao-2-768x576.jpg 768w, https:\/\/maroteira.com\/pt\/wp-content\/uploads\/2023\/02\/maroteira-distribuicao-2-800x600.jpg 800w, https:\/\/maroteira.com\/pt\/wp-content\/uploads\/2023\/02\/maroteira-distribuicao-2-700x525.jpg 700w\" sizes=\"(max-width: 1024px) 100vw, 1024px\" \/>\t\t\t\t\t\t<span class=\"aig-gallery-hover\">\n\t\t\t\t\t\t\t\t\t\t\t\t\t<\/span>\n\t\t\t\t\t\t\t\t\t<\/div>\n\t\t\t<\/div>\n\t\t\t<\/div>\n<\/div>[\/vc_column][\/vc_row]<\/p>\n<\/div>","protected":false},"excerpt":{"rendered":"<p>[vc_row css_animation=&#8221;&#8221; row_type=&#8221;row&#8221; use_row_as_full_screen_section=&#8221;no&#8221; type=&#8221;full_width&#8221; angled_section=&#8221;no&#8221; text_align=&#8221;left&#8221; background_image_as_pattern=&#8221;without_pattern&#8221;][vc_column][vc_column_text el_class=&#8221;fichaProjeto&#8221;] &nbsp; Designa\u00e7\u00e3o do projeto | Internacionaliza\u00e7\u00e3o Maroteira Vinhos, Lda. C\u00f3digo do projeto | ALT20-01-0752-FEDER-027781 Objetivo principal | Refor\u00e7ar a competitividade das PME Regi\u00e3o de interven\u00e7\u00e3o | Alentejo Entidade benefici\u00e1ria | Maroteira Vinhos, Lda.[\/vc_column_text][vc_column_text el_class=&#8221;fichaProjeto&#8221;]Data da aprova\u00e7\u00e3o&#8230;<\/p>\n","protected":false},"author":1,"featured_media":0,"parent":0,"menu_order":0,"comment_status":"closed","ping_status":"closed","template":"","meta":{"footnotes":""},"yoast_head":"<!-- This site is optimized with the Yoast SEO plugin v21.6 - https:\/\/yoast.com\/wordpress\/plugins\/seo\/ -->\n<title>Ficha de projeto | Herdade da Maroteira<\/title>\n<meta name=\"robots\" content=\"noindex, nofollow\" \/>\n<meta property=\"og:locale\" content=\"en_GB\" \/>\n<meta property=\"og:type\" content=\"article\" \/>\n<meta property=\"og:title\" content=\"Ficha de projeto | Herdade da Maroteira\" \/>\n<meta property=\"og:description\" content=\"[vc_row css_animation=&#8221;&#8221; row_type=&#8221;row&#8221; use_row_as_full_screen_section=&#8221;no&#8221; type=&#8221;full_width&#8221; angled_section=&#8221;no&#8221; text_align=&#8221;left&#8221; background_image_as_pattern=&#8221;without_pattern&#8221;][vc_column][vc_column_text el_class=&#8221;fichaProjeto&#8221;] &nbsp; Designa\u00e7\u00e3o do projeto | Internacionaliza\u00e7\u00e3o Maroteira Vinhos, Lda. C\u00f3digo do projeto | ALT20-01-0752-FEDER-027781 Objetivo principal | Refor\u00e7ar a competitividade das PME Regi\u00e3o de interven\u00e7\u00e3o | Alentejo Entidade benefici\u00e1ria | Maroteira Vinhos, Lda.[\/vc_column_text][vc_column_text el_class=&#8221;fichaProjeto&#8221;]Data da aprova\u00e7\u00e3o...\" \/>\n<meta property=\"og:url\" content=\"https:\/\/maroteira.com\/pt\/ficha-de-projeto\/\" \/>\n<meta property=\"og:site_name\" content=\"Herdade da Maroteira\" \/>\n<meta property=\"article:modified_time\" content=\"2023-02-02T13:50:10+00:00\" \/>\n<meta property=\"og:image\" content=\"http:\/\/maroteira.com\/pt\/wp-content\/uploads\/2018\/12\/grupodelogosfinanciamento-06-1024x163.png\" \/>\n<meta name=\"twitter:card\" content=\"summary_large_image\" \/>\n<meta name=\"twitter:label1\" content=\"Estimated reading time\" \/>\n\t<meta name=\"twitter:data1\" content=\"2 minutes\" \/>\n<script type=\"application\/ld+json\" class=\"yoast-schema-graph\">{\"@context\":\"https:\/\/schema.org\",\"@graph\":[{\"@type\":\"WebPage\",\"@id\":\"https:\/\/maroteira.com\/pt\/ficha-de-projeto\/\",\"url\":\"https:\/\/maroteira.com\/pt\/ficha-de-projeto\/\",\"name\":\"Ficha de projeto | Herdade da Maroteira\",\"isPartOf\":{\"@id\":\"https:\/\/maroteira.com\/pt\/#website\"},\"datePublished\":\"2019-04-23T18:56:56+00:00\",\"dateModified\":\"2023-02-02T13:50:10+00:00\",\"breadcrumb\":{\"@id\":\"https:\/\/maroteira.com\/pt\/ficha-de-projeto\/#breadcrumb\"},\"inLanguage\":\"en-GB\",\"potentialAction\":[{\"@type\":\"ReadAction\",\"target\":[\"https:\/\/maroteira.com\/pt\/ficha-de-projeto\/\"]}]},{\"@type\":\"BreadcrumbList\",\"@id\":\"https:\/\/maroteira.com\/pt\/ficha-de-projeto\/#breadcrumb\",\"itemListElement\":[{\"@type\":\"ListItem\",\"position\":1,\"name\":\"Home\",\"item\":\"https:\/\/maroteira.com\/pt\/\"},{\"@type\":\"ListItem\",\"position\":2,\"name\":\"Ficha de projeto\"}]},{\"@type\":\"WebSite\",\"@id\":\"https:\/\/maroteira.com\/pt\/#website\",\"url\":\"https:\/\/maroteira.com\/pt\/\",\"name\":\"Herdade da Maroteira\",\"description\":\"Herdade da Maroteira\",\"potentialAction\":[{\"@type\":\"SearchAction\",\"target\":{\"@type\":\"EntryPoint\",\"urlTemplate\":\"https:\/\/maroteira.com\/pt\/?s={search_term_string}\"},\"query-input\":\"required name=search_term_string\"}],\"inLanguage\":\"en-GB\"}]}<\/script>\n<!-- \/ Yoast SEO plugin. -->","yoast_head_json":{"title":"Ficha de projeto | Herdade da Maroteira","robots":{"index":"noindex","follow":"nofollow"},"og_locale":"en_GB","og_type":"article","og_title":"Ficha de projeto | Herdade da Maroteira","og_description":"[vc_row css_animation=&#8221;&#8221; row_type=&#8221;row&#8221; use_row_as_full_screen_section=&#8221;no&#8221; type=&#8221;full_width&#8221; angled_section=&#8221;no&#8221; text_align=&#8221;left&#8221; background_image_as_pattern=&#8221;without_pattern&#8221;][vc_column][vc_column_text el_class=&#8221;fichaProjeto&#8221;] &nbsp; Designa\u00e7\u00e3o do projeto | Internacionaliza\u00e7\u00e3o Maroteira Vinhos, Lda. C\u00f3digo do projeto | ALT20-01-0752-FEDER-027781 Objetivo principal | Refor\u00e7ar a competitividade das PME Regi\u00e3o de interven\u00e7\u00e3o | Alentejo Entidade benefici\u00e1ria | Maroteira Vinhos, Lda.[\/vc_column_text][vc_column_text el_class=&#8221;fichaProjeto&#8221;]Data da aprova\u00e7\u00e3o...","og_url":"https:\/\/maroteira.com\/pt\/ficha-de-projeto\/","og_site_name":"Herdade da Maroteira","article_modified_time":"2023-02-02T13:50:10+00:00","og_image":[{"url":"http:\/\/maroteira.com\/pt\/wp-content\/uploads\/2018\/12\/grupodelogosfinanciamento-06-1024x163.png"}],"twitter_card":"summary_large_image","twitter_misc":{"Estimated reading time":"2 minutes"},"schema":{"@context":"https:\/\/schema.org","@graph":[{"@type":"WebPage","@id":"https:\/\/maroteira.com\/pt\/ficha-de-projeto\/","url":"https:\/\/maroteira.com\/pt\/ficha-de-projeto\/","name":"Ficha de projeto | Herdade da Maroteira","isPartOf":{"@id":"https:\/\/maroteira.com\/pt\/#website"},"datePublished":"2019-04-23T18:56:56+00:00","dateModified":"2023-02-02T13:50:10+00:00","breadcrumb":{"@id":"https:\/\/maroteira.com\/pt\/ficha-de-projeto\/#breadcrumb"},"inLanguage":"en-GB","potentialAction":[{"@type":"ReadAction","target":["https:\/\/maroteira.com\/pt\/ficha-de-projeto\/"]}]},{"@type":"BreadcrumbList","@id":"https:\/\/maroteira.com\/pt\/ficha-de-projeto\/#breadcrumb","itemListElement":[{"@type":"ListItem","position":1,"name":"Home","item":"https:\/\/maroteira.com\/pt\/"},{"@type":"ListItem","position":2,"name":"Ficha de projeto"}]},{"@type":"WebSite","@id":"https:\/\/maroteira.com\/pt\/#website","url":"https:\/\/maroteira.com\/pt\/","name":"Herdade da Maroteira","description":"Herdade da Maroteira","potentialAction":[{"@type":"SearchAction","target":{"@type":"EntryPoint","urlTemplate":"https:\/\/maroteira.com\/pt\/?s={search_term_string}"},"query-input":"required name=search_term_string"}],"inLanguage":"en-GB"}]}},"_links":{"self":[{"href":"https:\/\/maroteira.com\/pt\/wp-json\/wp\/v2\/pages\/1350"}],"collection":[{"href":"https:\/\/maroteira.com\/pt\/wp-json\/wp\/v2\/pages"}],"about":[{"href":"https:\/\/maroteira.com\/pt\/wp-json\/wp\/v2\/types\/page"}],"author":[{"embeddable":true,"href":"https:\/\/maroteira.com\/pt\/wp-json\/wp\/v2\/users\/1"}],"replies":[{"embeddable":true,"href":"https:\/\/maroteira.com\/pt\/wp-json\/wp\/v2\/comments?post=1350"}],"version-history":[{"count":26,"href":"https:\/\/maroteira.com\/pt\/wp-json\/wp\/v2\/pages\/1350\/revisions"}],"predecessor-version":[{"id":1954,"href":"https:\/\/maroteira.com\/pt\/wp-json\/wp\/v2\/pages\/1350\/revisions\/1954"}],"wp:attachment":[{"href":"https:\/\/maroteira.com\/pt\/wp-json\/wp\/v2\/media?parent=1350"}],"curies":[{"name":"wp","href":"https:\/\/api.w.org\/{rel}","templated":true}]}}