{"id":243,"date":"2023-02-08T10:39:50","date_gmt":"2023-02-08T10:39:50","guid":{"rendered":"http:\/\/bridge228.qodeinteractive.com\/?page_id=243"},"modified":"2023-02-08T16:54:52","modified_gmt":"2023-02-08T16:54:52","slug":"contacto","status":"publish","type":"page","link":"https:\/\/maroteira.com\/pt\/contacto\/","title":{"rendered":"Contacto"},"content":{"rendered":"<div class=\"wpb-content-wrapper\"><p>[vc_row css_animation=&#8221;&#8221; row_type=&#8221;row&#8221; use_row_as_full_screen_section=&#8221;no&#8221; type=&#8221;grid&#8221; angled_section=&#8221;no&#8221; text_align=&#8221;left&#8221; background_image_as_pattern=&#8221;without_pattern&#8221; z_index=&#8221;&#8221;][vc_column][qode_elements_holder number_of_columns=&#8221;one_column&#8221;][qode_elements_holder_item advanced_animations=&#8221;no&#8221; item_padding_1280_1440=&#8221;61px 0px 0 58px&#8221; item_padding_1024_1280=&#8221;0 0px 0 48px&#8221; item_padding_768_1024=&#8221;50px 0px 0 22px&#8221; item_padding_600_768=&#8221;40px 0px 40px 69px&#8221; item_padding_480_600=&#8221;50px 0px 30px 20px&#8221; item_padding_480=&#8221;50px 0px 30px 20px&#8221;][vc_column_text]<\/p>\n<h1>Contacte a nossa equipa<\/h1>\n<p>[\/vc_column_text][\/qode_elements_holder_item][\/qode_elements_holder][\/vc_column][\/vc_row][vc_row css_animation=&#8221;&#8221; row_type=&#8221;row&#8221; use_row_as_full_screen_section=&#8221;no&#8221; type=&#8221;full_width&#8221; angled_section=&#8221;no&#8221; text_align=&#8221;left&#8221; background_image_as_pattern=&#8221;without_pattern&#8221;][vc_column width=&#8221;1\/3&#8243;][\/vc_column][vc_column width=&#8221;1\/3&#8243;][vc_empty_space height=&#8221;40px&#8221;][\/vc_column][vc_column width=&#8221;1\/3&#8243;][vc_empty_space height=&#8221;40px&#8221;][\/vc_column][\/vc_row][vc_row css_animation=&#8221;&#8221; row_type=&#8221;row&#8221; use_row_as_full_screen_section=&#8221;no&#8221; type=&#8221;grid&#8221; angled_section=&#8221;no&#8221; text_align=&#8221;left&#8221; background_image_as_pattern=&#8221;without_pattern&#8221; z_index=&#8221;&#8221;][vc_column width=&#8221;1\/3&#8243;][vc_column_text]<\/p>\n<h2>Morada<\/h2>\n<p>[\/vc_column_text][vc_empty_space height=&#8221;5px&#8221;][vc_column_text]Maroteira Vinhos<br \/>\nZona Industrial de Redondo<br \/>\nRua Aldeias de Montoito, lote 77<br \/>\n7170-120 Redondo<\/p>\n<p>Portugal<\/p>\n<p>GPS: N 38\u00b038&#8217;36.2&#8243; &#8211; W 7\u00b032&#8217;31.9&#8243;[\/vc_column_text][\/vc_column][vc_column width=&#8221;1\/3&#8243;][vc_empty_space height=&#8221;38px&#8221;][vc_column_text]<\/p>\n<h3>Ger\u00eancia<\/h3>\n<p>[\/vc_column_text][vc_empty_space height=&#8221;20px&#8221;][vc_column_text]<\/p>\n<p class=\"cv cv-nome\"><strong>Philip Mollet<\/strong><\/p>\n<div class=\"left-cv\">\n<p class=\"cv\"><i class=\"fa fa-envelope-o fa-fw\"><\/i>Para detalhes de contacto, por favor consulte o escrit\u00f3rio em primeiro lugar<\/p>\n<\/div>\n<p>[\/vc_column_text][\/vc_column][\/vc_row][vc_row css_animation=&#8221;&#8221; row_type=&#8221;row&#8221; use_row_as_full_screen_section=&#8221;no&#8221; type=&#8221;full_width&#8221; angled_section=&#8221;no&#8221; text_align=&#8221;left&#8221; background_image_as_pattern=&#8221;without_pattern&#8221;][vc_column width=&#8221;1\/3&#8243;][vc_empty_space][\/vc_column][vc_column width=&#8221;1\/3&#8243;][vc_empty_space][\/vc_column][vc_column width=&#8221;1\/3&#8243;][vc_empty_space][\/vc_column][\/vc_row][vc_row css_animation=&#8221;&#8221; row_type=&#8221;row&#8221; use_row_as_full_screen_section=&#8221;no&#8221; type=&#8221;grid&#8221; angled_section=&#8221;no&#8221; text_align=&#8221;left&#8221; background_image_as_pattern=&#8221;without_pattern&#8221; z_index=&#8221;&#8221;][vc_column width=&#8221;1\/3&#8243; css=&#8221;.vc_custom_1554400453475{border-top-width: 2px !important;border-right-width: 2px !important;border-bottom-width: 2px !important;border-left-width: 2px !important;border-left-color: #cec323 !important;border-left-style: solid !important;border-right-color: #cec323 !important;border-right-style: solid !important;border-top-color: #cec323 !important;border-top-style: solid !important;border-bottom-color: #cec323 !important;border-bottom-style: solid !important;border-radius: 2px !important;}&#8221;][vc_column_text]<\/p>\n<h3>Escrit\u00f3rio<\/h3>\n<p>[\/vc_column_text][vc_empty_space height=&#8221;20px&#8221;][vc_column_text]<\/p>\n<p>&nbsp;<\/p>\n<div class=\"left-cv\">\n<p class=\"cv\"><i class=\"fa fa-envelope-o fa-fw\"><\/i><a class=\"a-cv\" href=\"mailto:info@maroteira.com\">info@maroteira.com<\/a><\/p>\n<\/div>\n<div class=\"right-cv\">\n<p class=\"cv\"><i class=\"fa fa-mobile fa-fw\"><\/i> <a class=\"a-cv\" href=\"tel:+351914680140\">(+351) 914 680 140<\/a><\/p>\n<\/div>\n<div class=\"left-cv\">\n<p class=\"cv\"><i class=\"fa fa-skype fa-fw\"><\/i> <a class=\"a-cv\" href=\"skype:maroteira vinhos lda?call\">maroteira vinhos lda<\/a><\/p>\n<\/div>\n<p>[\/vc_column_text][vc_empty_space height=&#8221;75px&#8221;][\/vc_column][vc_column width=&#8221;1\/3&#8243; css=&#8221;.vc_custom_1554400493592{border-top-width: 2px !important;border-right-width: 2px !important;border-bottom-width: 2px !important;border-left-width: 2px !important;border-left-color: #cec323 !important;border-left-style: solid !important;border-right-color: #cec323 !important;border-right-style: solid !important;border-top-color: #cec323 !important;border-top-style: solid !important;border-bottom-color: #cec323 !important;border-bottom-style: solid !important;border-radius: 2px !important;}&#8221;][vc_column_text]<\/p>\n<h3>En\u00f3logo Residente &#8211; Adega<\/h3>\n<p>[\/vc_column_text][vc_empty_space height=&#8221;20px&#8221;][vc_column_text]<strong>David Lopes<\/strong><\/p>\n<div class=\"left-cv\">\n<p class=\"cv\"><i class=\"fa fa-envelope-o fa-fw\"><\/i><a class=\"a-cv\" href=\"mailto:david.lopes@maroteira.com\">david.lopes@maroteira.com<\/a><\/p>\n<\/div>\n<div class=\"right-cv\">\n<p class=\"cv\"><i class=\"fa fa-mobile fa-fw\"><\/i> <a class=\"a-cv\" href=\"tel:+351915970286\">(+351) 915 970 286<\/a><\/p>\n<p>&nbsp;<\/p>\n<\/div>\n<p>[\/vc_column_text][vc_empty_space height=&#8221;75px&#8221;][\/vc_column][vc_column width=&#8221;1\/3&#8243; css=&#8221;.vc_custom_1554400509128{border-top-width: 2px !important;border-right-width: 2px !important;border-bottom-width: 2px !important;border-left-width: 2px !important;border-left-color: #cec323 !important;border-left-style: solid !important;border-right-color: #cec323 !important;border-right-style: solid !important;border-top-color: #cec323 !important;border-top-style: solid !important;border-bottom-color: #cec323 !important;border-bottom-style: solid !important;border-radius: 2px !important;}&#8221;][vc_column_text]<\/p>\n<h3>Dire\u00e7\u00e3o Comercial \u2013 Vinhos<\/h3>\n<p>[\/vc_column_text][vc_empty_space height=&#8221;20px&#8221;][vc_column_text]<\/p>\n<p class=\"cv cv-nome\"><strong>Anthony Doody<\/strong><\/p>\n<div class=\"left-cv\">\n<p class=\"cv\"><i class=\"fa fa-envelope-o fa-fw\"><\/i> <a class=\"a-cv\" href=\"mailto:anthony.doody@maroteira.com\">anthony.doody@maroteira.com<\/a><\/p>\n<\/div>\n<div class=\"right-cv\">\n<p class=\"cv\"><i class=\"fa fa-mobile fa-fw\"><\/i> <a class=\"a-cv\" href=\"tel:+351913950503\">(+351) 913 950 503<\/a><\/p>\n<\/div>\n<div class=\"left-cv\">\n<p class=\"cv\"><i class=\"fa fa-skype fa-fw\"><\/i> <a class=\"a-cv\" href=\"skype:Anthony Doody?call\">Anthony Doody<\/a><\/p>\n<\/div>\n<p>[\/vc_column_text][vc_empty_space height=&#8221;75px&#8221;][\/vc_column][\/vc_row][vc_row css_animation=&#8221;&#8221; row_type=&#8221;row&#8221; use_row_as_full_screen_section=&#8221;no&#8221; type=&#8221;grid&#8221; angled_section=&#8221;no&#8221; text_align=&#8221;left&#8221; background_image_as_pattern=&#8221;without_pattern&#8221; z_index=&#8221;&#8221;][vc_column][vc_empty_space][vc_column_text]<\/p>\n<h2 style=\"text-align: center;\">Como nos encontrar<\/h2>\n<p>[\/vc_column_text][vc_empty_space height=&#8221;20px&#8221;][vc_column_text]Por favor, clique no log\u00f3tipo do mapa. No menu que surge, clique na seta para a direita.[\/vc_column_text][vc_empty_space][\/vc_column][\/vc_row][vc_row css_animation=&#8221;&#8221; row_type=&#8221;row&#8221; use_row_as_full_screen_section=&#8221;no&#8221; type=&#8221;full_width&#8221; angled_section=&#8221;no&#8221; text_align=&#8221;left&#8221; background_image_as_pattern=&#8221;without_pattern&#8221;][vc_column][vc_gmaps link=&#8221;#E-8_JTNDaWZyYW1lJTIwc3JjJTNEJTIyaHR0cHMlM0ElMkYlMkZ3d3cuZ29vZ2xlLmNvbSUyRm1hcHMlMkZkJTJGdSUyRjIlMkZlbWJlZCUzRm1pZCUzRDFYUWptUk1tYzhKM0JXLXE3NjFFcENWSkFYVmt0RUVQNCUyMiUyMHdpZHRoJTNEJTIyNjQwJTIyJTIwaGVpZ2h0JTNEJTIyNDgwJTIyJTNFJTNDJTJGaWZyYW1lJTNF&#8221;][\/vc_column][\/vc_row]<\/p>\n<\/div>","protected":false},"excerpt":{"rendered":"<p>[vc_row css_animation=&#8221;&#8221; row_type=&#8221;row&#8221; use_row_as_full_screen_section=&#8221;no&#8221; type=&#8221;grid&#8221; angled_section=&#8221;no&#8221; text_align=&#8221;left&#8221; background_image_as_pattern=&#8221;without_pattern&#8221; z_index=&#8221;&#8221;][vc_column][qode_elements_holder number_of_columns=&#8221;one_column&#8221;][qode_elements_holder_item advanced_animations=&#8221;no&#8221; item_padding_1280_1440=&#8221;61px 0px 0 58px&#8221; item_padding_1024_1280=&#8221;0 0px 0 48px&#8221; item_padding_768_1024=&#8221;50px 0px 0 22px&#8221; item_padding_600_768=&#8221;40px 0px 40px 69px&#8221; item_padding_480_600=&#8221;50px 0px 30px 20px&#8221; item_padding_480=&#8221;50px 0px 30px 20px&#8221;][vc_column_text] Contacte a nossa equipa [\/vc_column_text][\/qode_elements_holder_item][\/qode_elements_holder][\/vc_column][\/vc_row][vc_row css_animation=&#8221;&#8221; row_type=&#8221;row&#8221; use_row_as_full_screen_section=&#8221;no&#8221; type=&#8221;full_width&#8221; angled_section=&#8221;no&#8221;&#8230;<\/p>\n","protected":false},"author":1,"featured_media":1835,"parent":0,"menu_order":0,"comment_status":"closed","ping_status":"closed","template":"full_width.php","meta":{"footnotes":""},"yoast_head":"<!-- This site is optimized with the Yoast SEO plugin v21.6 - https:\/\/yoast.com\/wordpress\/plugins\/seo\/ -->\n<title>Contacto | Herdade da Maroteira<\/title>\n<meta name=\"description\" content=\"P\u00e1gina de contacto da Herdade da Maroteira, Alentejo, Portugal. Contacte os v\u00e1rios departamentos: Informa\u00e7\u00f5es, Vinho, Adega, Comercial.\" \/>\n<meta name=\"robots\" content=\"index, follow, max-snippet:-1, max-image-preview:large, max-video-preview:-1\" \/>\n<link rel=\"canonical\" href=\"https:\/\/maroteira.com\/pt\/contacto\/\" \/>\n<meta property=\"og:locale\" content=\"en_GB\" \/>\n<meta property=\"og:type\" content=\"article\" \/>\n<meta property=\"og:title\" content=\"Contacto | Herdade da Maroteira\" \/>\n<meta property=\"og:description\" content=\"P\u00e1gina de contacto da Herdade da Maroteira, Alentejo, Portugal. Contacte os v\u00e1rios departamentos: Informa\u00e7\u00f5es, Vinho, Adega, Comercial.\" \/>\n<meta property=\"og:url\" content=\"https:\/\/maroteira.com\/pt\/contacto\/\" \/>\n<meta property=\"og:site_name\" content=\"Herdade da Maroteira\" \/>\n<meta property=\"article:modified_time\" content=\"2023-02-08T16:54:52+00:00\" \/>\n<meta property=\"og:image\" content=\"https:\/\/maroteira.com\/pt\/wp-content\/uploads\/2022\/02\/contacto-maroteira-vinhos.jpeg\" \/>\n\t<meta property=\"og:image:width\" content=\"1200\" \/>\n\t<meta property=\"og:image:height\" content=\"901\" \/>\n\t<meta property=\"og:image:type\" content=\"image\/jpeg\" \/>\n<meta name=\"twitter:card\" content=\"summary_large_image\" \/>\n<meta name=\"twitter:label1\" content=\"Estimated reading time\" \/>\n\t<meta name=\"twitter:data1\" content=\"2 minutes\" \/>\n<script type=\"application\/ld+json\" class=\"yoast-schema-graph\">{\"@context\":\"https:\/\/schema.org\",\"@graph\":[{\"@type\":\"WebPage\",\"@id\":\"https:\/\/maroteira.com\/pt\/contacto\/\",\"url\":\"https:\/\/maroteira.com\/pt\/contacto\/\",\"name\":\"Contacto | Herdade da Maroteira\",\"isPartOf\":{\"@id\":\"https:\/\/maroteira.com\/pt\/#website\"},\"datePublished\":\"2023-02-08T10:39:50+00:00\",\"dateModified\":\"2023-02-08T16:54:52+00:00\",\"description\":\"P\u00e1gina de contacto da Herdade da Maroteira, Alentejo, Portugal. Contacte os v\u00e1rios departamentos: Informa\u00e7\u00f5es, Vinho, Adega, Comercial.\",\"breadcrumb\":{\"@id\":\"https:\/\/maroteira.com\/pt\/contacto\/#breadcrumb\"},\"inLanguage\":\"en-GB\",\"potentialAction\":[{\"@type\":\"ReadAction\",\"target\":[\"https:\/\/maroteira.com\/pt\/contacto\/\"]}]},{\"@type\":\"BreadcrumbList\",\"@id\":\"https:\/\/maroteira.com\/pt\/contacto\/#breadcrumb\",\"itemListElement\":[{\"@type\":\"ListItem\",\"position\":1,\"name\":\"Home\",\"item\":\"https:\/\/maroteira.com\/pt\/\"},{\"@type\":\"ListItem\",\"position\":2,\"name\":\"Contacto\"}]},{\"@type\":\"WebSite\",\"@id\":\"https:\/\/maroteira.com\/pt\/#website\",\"url\":\"https:\/\/maroteira.com\/pt\/\",\"name\":\"Herdade da Maroteira\",\"description\":\"Herdade da Maroteira\",\"potentialAction\":[{\"@type\":\"SearchAction\",\"target\":{\"@type\":\"EntryPoint\",\"urlTemplate\":\"https:\/\/maroteira.com\/pt\/?s={search_term_string}\"},\"query-input\":\"required name=search_term_string\"}],\"inLanguage\":\"en-GB\"}]}<\/script>\n<!-- \/ Yoast SEO plugin. -->","yoast_head_json":{"title":"Contacto | Herdade da Maroteira","description":"P\u00e1gina de contacto da Herdade da Maroteira, Alentejo, Portugal. Contacte os v\u00e1rios departamentos: Informa\u00e7\u00f5es, Vinho, Adega, Comercial.","robots":{"index":"index","follow":"follow","max-snippet":"max-snippet:-1","max-image-preview":"max-image-preview:large","max-video-preview":"max-video-preview:-1"},"canonical":"https:\/\/maroteira.com\/pt\/contacto\/","og_locale":"en_GB","og_type":"article","og_title":"Contacto | Herdade da Maroteira","og_description":"P\u00e1gina de contacto da Herdade da Maroteira, Alentejo, Portugal. Contacte os v\u00e1rios departamentos: Informa\u00e7\u00f5es, Vinho, Adega, Comercial.","og_url":"https:\/\/maroteira.com\/pt\/contacto\/","og_site_name":"Herdade da Maroteira","article_modified_time":"2023-02-08T16:54:52+00:00","og_image":[{"width":1200,"height":901,"url":"https:\/\/maroteira.com\/pt\/wp-content\/uploads\/2022\/02\/contacto-maroteira-vinhos.jpeg","type":"image\/jpeg"}],"twitter_card":"summary_large_image","twitter_misc":{"Estimated reading time":"2 minutes"},"schema":{"@context":"https:\/\/schema.org","@graph":[{"@type":"WebPage","@id":"https:\/\/maroteira.com\/pt\/contacto\/","url":"https:\/\/maroteira.com\/pt\/contacto\/","name":"Contacto | Herdade da Maroteira","isPartOf":{"@id":"https:\/\/maroteira.com\/pt\/#website"},"datePublished":"2023-02-08T10:39:50+00:00","dateModified":"2023-02-08T16:54:52+00:00","description":"P\u00e1gina de contacto da Herdade da Maroteira, Alentejo, Portugal. Contacte os v\u00e1rios departamentos: Informa\u00e7\u00f5es, Vinho, Adega, Comercial.","breadcrumb":{"@id":"https:\/\/maroteira.com\/pt\/contacto\/#breadcrumb"},"inLanguage":"en-GB","potentialAction":[{"@type":"ReadAction","target":["https:\/\/maroteira.com\/pt\/contacto\/"]}]},{"@type":"BreadcrumbList","@id":"https:\/\/maroteira.com\/pt\/contacto\/#breadcrumb","itemListElement":[{"@type":"ListItem","position":1,"name":"Home","item":"https:\/\/maroteira.com\/pt\/"},{"@type":"ListItem","position":2,"name":"Contacto"}]},{"@type":"WebSite","@id":"https:\/\/maroteira.com\/pt\/#website","url":"https:\/\/maroteira.com\/pt\/","name":"Herdade da Maroteira","description":"Herdade da Maroteira","potentialAction":[{"@type":"SearchAction","target":{"@type":"EntryPoint","urlTemplate":"https:\/\/maroteira.com\/pt\/?s={search_term_string}"},"query-input":"required name=search_term_string"}],"inLanguage":"en-GB"}]}},"_links":{"self":[{"href":"https:\/\/maroteira.com\/pt\/wp-json\/wp\/v2\/pages\/243"}],"collection":[{"href":"https:\/\/maroteira.com\/pt\/wp-json\/wp\/v2\/pages"}],"about":[{"href":"https:\/\/maroteira.com\/pt\/wp-json\/wp\/v2\/types\/page"}],"author":[{"embeddable":true,"href":"https:\/\/maroteira.com\/pt\/wp-json\/wp\/v2\/users\/1"}],"replies":[{"embeddable":true,"href":"https:\/\/maroteira.com\/pt\/wp-json\/wp\/v2\/comments?post=243"}],"version-history":[{"count":105,"href":"https:\/\/maroteira.com\/pt\/wp-json\/wp\/v2\/pages\/243\/revisions"}],"predecessor-version":[{"id":1897,"href":"https:\/\/maroteira.com\/pt\/wp-json\/wp\/v2\/pages\/243\/revisions\/1897"}],"wp:featuredmedia":[{"embeddable":true,"href":"https:\/\/maroteira.com\/pt\/wp-json\/wp\/v2\/media\/1835"}],"wp:attachment":[{"href":"https:\/\/maroteira.com\/pt\/wp-json\/wp\/v2\/media?parent=243"}],"curies":[{"name":"wp","href":"https:\/\/api.w.org\/{rel}","templated":true}]}}